{"id":9,"date":"2022-09-23T02:12:40","date_gmt":"2022-09-23T02:12:40","guid":{"rendered":"https:\/\/canbrapesca-com.preview-domain.com\/?page_id=9"},"modified":"2022-09-23T02:12:40","modified_gmt":"2022-09-23T02:12:40","slug":"cart","status":"publish","type":"page","link":"https:\/\/canbrapesca.com\/?page_id=9","title":{"rendered":"Cart"},"content":{"rendered":"<div class=\"woocommerce\"><div class=\"text-center pt pb\">\n\t<div class=\"woocommerce-notices-wrapper\"><\/div><div class=\"wc-empty-cart-message\">\n\t<div class=\"woocommerce-info message-wrapper\">\n\t\t<div class=\"message-container container medium-text-center\">\n\t\t\tTu carrito est\u00e1 vac\u00edo.\t\t<\/div>\n\t<\/div>\n<\/div>\t\t<p class=\"return-to-shop\">\n\t\t\t<a class=\"button primary wc-backward\" href=\"https:\/\/canbrapesca.com\/?page_id=8\">\n\t\t\t\tVolver a la tienda\t\t\t<\/a>\n\t\t<\/p>\n\t<\/div>\n<\/div>\n","protected":false},"excerpt":{"rendered":"","protected":false},"author":1,"featured_media":0,"parent":0,"menu_order":0,"comment_status":"closed","ping_status":"closed","template":"","meta":{"footnotes":""},"class_list":["post-9","page","type-page","status-publish","hentry"],"yoast_head":"<!-- This site is optimized with the Yoast SEO Premium plugin v24.4 (Yoast SEO v27.4) - https:\/\/yoast.com\/product\/yoast-seo-premium-wordpress\/ -->\n<title>Cart - Canbra tienda de pesca<\/title>\n<meta name=\"robots\" content=\"index, follow, max-snippet:-1, max-image-preview:large, max-video-preview:-1\" \/>\n<link rel=\"canonical\" href=\"https:\/\/canbrapesca.com\/?page_id=9\" \/>\n<meta property=\"og:locale\" content=\"es_ES\" \/>\n<meta property=\"og:type\" content=\"article\" \/>\n<meta property=\"og:title\" content=\"Cart\" \/>\n<meta property=\"og:url\" content=\"https:\/\/canbrapesca.com\/?page_id=9\" \/>\n<meta property=\"og:site_name\" content=\"Canbra tienda de pesca\" \/>\n<meta property=\"og:image\" content=\"https:\/\/canbrapesca.com\/wp-content\/uploads\/2025\/02\/canbra.jpg\" \/>\n\t<meta property=\"og:image:width\" content=\"1200\" \/>\n\t<meta property=\"og:image:height\" content=\"675\" \/>\n\t<meta property=\"og:image:type\" content=\"image\/jpeg\" \/>\n<meta name=\"twitter:card\" content=\"summary_large_image\" \/>\n<script type=\"application\/ld+json\" class=\"yoast-schema-graph\">{\"@context\":\"https:\\\/\\\/schema.org\",\"@graph\":[{\"@type\":\"WebPage\",\"@id\":\"https:\\\/\\\/canbrapesca.com\\\/?page_id=9\",\"url\":\"https:\\\/\\\/canbrapesca.com\\\/?page_id=9\",\"name\":\"Cart - Canbra tienda de pesca\",\"isPartOf\":{\"@id\":\"https:\\\/\\\/canbrapesca.com\\\/#website\"},\"datePublished\":\"2022-09-23T02:12:40+00:00\",\"breadcrumb\":{\"@id\":\"https:\\\/\\\/canbrapesca.com\\\/?page_id=9#breadcrumb\"},\"inLanguage\":\"es\",\"potentialAction\":[{\"@type\":\"ReadAction\",\"target\":[\"https:\\\/\\\/canbrapesca.com\\\/?page_id=9\"]}]},{\"@type\":\"BreadcrumbList\",\"@id\":\"https:\\\/\\\/canbrapesca.com\\\/?page_id=9#breadcrumb\",\"itemListElement\":[{\"@type\":\"ListItem\",\"position\":1,\"name\":\"Portada\",\"item\":\"https:\\\/\\\/canbrapesca.com\\\/\"},{\"@type\":\"ListItem\",\"position\":2,\"name\":\"Cart\"}]},{\"@type\":\"WebSite\",\"@id\":\"https:\\\/\\\/canbrapesca.com\\\/#website\",\"url\":\"https:\\\/\\\/canbrapesca.com\\\/\",\"name\":\"Canbra Tienda de Pesca - Ca\u00f1as, Se\u00f1uelos y Equipos para Pesca Deportiva\",\"description\":\"Canbra Pesca - Equipos de pesca de alta calidad. Encuadorentra ca\u00f1as, carretes, se\u00f1uelos y m\u00e1s para la pesca deportiva. Env\u00edos a todo Ecuador.\",\"publisher\":{\"@id\":\"https:\\\/\\\/canbrapesca.com\\\/#organization\"},\"alternateName\":\"Todo en Art\u00edculos de Pesca - Equipos para Pescadores en Ecuador\",\"potentialAction\":[{\"@type\":\"SearchAction\",\"target\":{\"@type\":\"EntryPoint\",\"urlTemplate\":\"https:\\\/\\\/canbrapesca.com\\\/?s={search_term_string}\"},\"query-input\":{\"@type\":\"PropertyValueSpecification\",\"valueRequired\":true,\"valueName\":\"search_term_string\"}}],\"inLanguage\":\"es\"},{\"@type\":\"Organization\",\"@id\":\"https:\\\/\\\/canbrapesca.com\\\/#organization\",\"name\":\"Se\u00f1uelos canbra\",\"url\":\"https:\\\/\\\/canbrapesca.com\\\/\",\"logo\":{\"@type\":\"ImageObject\",\"inLanguage\":\"es\",\"@id\":\"https:\\\/\\\/canbrapesca.com\\\/#\\\/schema\\\/logo\\\/image\\\/\",\"url\":\"https:\\\/\\\/canbrapesca.com\\\/wp-content\\\/uploads\\\/2025\\\/02\\\/logo.png\",\"contentUrl\":\"https:\\\/\\\/canbrapesca.com\\\/wp-content\\\/uploads\\\/2025\\\/02\\\/logo.png\",\"width\":512,\"height\":201,\"caption\":\"Se\u00f1uelos canbra\"},\"image\":{\"@id\":\"https:\\\/\\\/canbrapesca.com\\\/#\\\/schema\\\/logo\\\/image\\\/\"}}]}<\/script>\n<!-- \/ Yoast SEO Premium plugin. -->","yoast_head_json":{"title":"Cart - Canbra tienda de pesca","robots":{"index":"index","follow":"follow","max-snippet":"max-snippet:-1","max-image-preview":"max-image-preview:large","max-video-preview":"max-video-preview:-1"},"canonical":"https:\/\/canbrapesca.com\/?page_id=9","og_locale":"es_ES","og_type":"article","og_title":"Cart","og_url":"https:\/\/canbrapesca.com\/?page_id=9","og_site_name":"Canbra tienda de pesca","og_image":[{"width":1200,"height":675,"url":"https:\/\/canbrapesca.com\/wp-content\/uploads\/2025\/02\/canbra.jpg","type":"image\/jpeg"}],"twitter_card":"summary_large_image","schema":{"@context":"https:\/\/schema.org","@graph":[{"@type":"WebPage","@id":"https:\/\/canbrapesca.com\/?page_id=9","url":"https:\/\/canbrapesca.com\/?page_id=9","name":"Cart - Canbra tienda de pesca","isPartOf":{"@id":"https:\/\/canbrapesca.com\/#website"},"datePublished":"2022-09-23T02:12:40+00:00","breadcrumb":{"@id":"https:\/\/canbrapesca.com\/?page_id=9#breadcrumb"},"inLanguage":"es","potentialAction":[{"@type":"ReadAction","target":["https:\/\/canbrapesca.com\/?page_id=9"]}]},{"@type":"BreadcrumbList","@id":"https:\/\/canbrapesca.com\/?page_id=9#breadcrumb","itemListElement":[{"@type":"ListItem","position":1,"name":"Portada","item":"https:\/\/canbrapesca.com\/"},{"@type":"ListItem","position":2,"name":"Cart"}]},{"@type":"WebSite","@id":"https:\/\/canbrapesca.com\/#website","url":"https:\/\/canbrapesca.com\/","name":"Canbra Tienda de Pesca - Ca\u00f1as, Se\u00f1uelos y Equipos para Pesca Deportiva","description":"Canbra Pesca - Equipos de pesca de alta calidad. Encuadorentra ca\u00f1as, carretes, se\u00f1uelos y m\u00e1s para la pesca deportiva. Env\u00edos a todo Ecuador.","publisher":{"@id":"https:\/\/canbrapesca.com\/#organization"},"alternateName":"Todo en Art\u00edculos de Pesca - Equipos para Pescadores en Ecuador","potentialAction":[{"@type":"SearchAction","target":{"@type":"EntryPoint","urlTemplate":"https:\/\/canbrapesca.com\/?s={search_term_string}"},"query-input":{"@type":"PropertyValueSpecification","valueRequired":true,"valueName":"search_term_string"}}],"inLanguage":"es"},{"@type":"Organization","@id":"https:\/\/canbrapesca.com\/#organization","name":"Se\u00f1uelos canbra","url":"https:\/\/canbrapesca.com\/","logo":{"@type":"ImageObject","inLanguage":"es","@id":"https:\/\/canbrapesca.com\/#\/schema\/logo\/image\/","url":"https:\/\/canbrapesca.com\/wp-content\/uploads\/2025\/02\/logo.png","contentUrl":"https:\/\/canbrapesca.com\/wp-content\/uploads\/2025\/02\/logo.png","width":512,"height":201,"caption":"Se\u00f1uelos canbra"},"image":{"@id":"https:\/\/canbrapesca.com\/#\/schema\/logo\/image\/"}}]}},"_links":{"self":[{"href":"https:\/\/canbrapesca.com\/index.php?rest_route=\/wp\/v2\/pages\/9","targetHints":{"allow":["GET"]}}],"collection":[{"href":"https:\/\/canbrapesca.com\/index.php?rest_route=\/wp\/v2\/pages"}],"about":[{"href":"https:\/\/canbrapesca.com\/index.php?rest_route=\/wp\/v2\/types\/page"}],"author":[{"embeddable":true,"href":"https:\/\/canbrapesca.com\/index.php?rest_route=\/wp\/v2\/users\/1"}],"replies":[{"embeddable":true,"href":"https:\/\/canbrapesca.com\/index.php?rest_route=%2Fwp%2Fv2%2Fcomments&post=9"}],"version-history":[{"count":0,"href":"https:\/\/canbrapesca.com\/index.php?rest_route=\/wp\/v2\/pages\/9\/revisions"}],"wp:attachment":[{"href":"https:\/\/canbrapesca.com\/index.php?rest_route=%2Fwp%2Fv2%2Fmedia&parent=9"}],"curies":[{"name":"wp","href":"https:\/\/api.w.org\/{rel}","templated":true}]}}