{"id":306,"date":"2022-09-26T22:30:14","date_gmt":"2022-09-27T03:30:14","guid":{"rendered":"https:\/\/canbrapesca.com\/?post_type=product&#038;p=306"},"modified":"2023-01-18T11:24:21","modified_gmt":"2023-01-18T16:24:21","slug":"crankbait-cb6-tiger","status":"publish","type":"product","link":"https:\/\/canbrapesca.com\/?product=crankbait-cb6-tiger","title":{"rendered":"Crankbait Sexy Green"},"content":{"rendered":"<table border=\"0\" width=\"189\" cellspacing=\"0\" cellpadding=\"0\">\n<tbody>\n<tr>\n<td class=\"xl63\" width=\"87\" height=\"25\"><strong>Length<\/strong><\/td>\n<td class=\"xl64\" width=\"87\">62mm<\/td>\n<\/tr>\n<tr>\n<td class=\"xl63\" height=\"25\"><strong>Weight<\/strong><\/td>\n<td class=\"xl64\">6g<\/td>\n<\/tr>\n<tr>\n<td class=\"xl63\" height=\"25\"><strong>Type<\/strong><\/td>\n<td class=\"xl64\">Floating<\/td>\n<\/tr>\n<tr>\n<td class=\"xl63\" height=\"25\"><strong>Hook<\/strong><\/td>\n<td class=\"xl64\">#8<\/td>\n<\/tr>\n<tr>\n<td class=\"xl63\" height=\"25\"><strong>Range<\/strong><\/td>\n<td class=\"xl64\">40~160cm<\/td>\n<\/tr>\n<\/tbody>\n<\/table>\n","protected":false},"excerpt":{"rendered":"<p>Canbra un producto testeado y probado en los r\u00edos de nuestro zona y especies como:<\/p>\n<p>Sabaleta, sabalo, Bante, cubo, Lisa.<\/p>\n","protected":false},"featured_media":528,"template":"","meta":[],"product_brand":[],"product_cat":[45],"product_tag":[],"class_list":{"0":"post-306","1":"product","2":"type-product","3":"status-publish","4":"has-post-thumbnail","6":"product_cat-crankbait","8":"first","9":"instock","10":"sale","11":"shipping-taxable","12":"purchasable","13":"product-type-simple"},"yoast_head":"<!-- This site is optimized with the Yoast SEO Premium plugin v24.4 (Yoast SEO v27.4) - https:\/\/yoast.com\/product\/yoast-seo-premium-wordpress\/ -->\n<title>Crankbait Sexy Green - Canbra tienda de pesca<\/title>\n<meta name=\"robots\" content=\"index, follow, max-snippet:-1, max-image-preview:large, max-video-preview:-1\" \/>\n<link rel=\"canonical\" href=\"https:\/\/canbrapesca.com\/?product=crankbait-cb6-tiger\" \/>\n<meta property=\"og:locale\" content=\"es_ES\" \/>\n<meta property=\"og:type\" content=\"article\" \/>\n<meta property=\"og:title\" content=\"Crankbait Sexy Green\" \/>\n<meta property=\"og:description\" content=\"Canbra un producto testeado y probado en los r\u00edos de nuestro zona y especies como:  Sabaleta, sabalo, Bante, cubo, Lisa.\" \/>\n<meta property=\"og:url\" content=\"https:\/\/canbrapesca.com\/?product=crankbait-cb6-tiger\" \/>\n<meta property=\"og:site_name\" content=\"Canbra tienda de pesca\" \/>\n<meta property=\"article:modified_time\" content=\"2023-01-18T16:24:21+00:00\" \/>\n<meta property=\"og:image\" content=\"https:\/\/canbrapesca.com\/wp-content\/uploads\/2022\/09\/Canbra_Greeen_Lemon.jpg\" \/>\n\t<meta property=\"og:image:width\" content=\"1857\" \/>\n\t<meta property=\"og:image:height\" content=\"1857\" \/>\n\t<meta property=\"og:image:type\" content=\"image\/jpeg\" \/>\n<meta name=\"twitter:card\" content=\"summary_large_image\" \/>\n<meta name=\"twitter:label1\" content=\"Precio\" \/>\n\t<meta name=\"twitter:data1\" content=\"&#036;7.99\" \/>\n\t<meta name=\"twitter:label2\" content=\"Disponibilidad\" \/>\n\t<meta name=\"twitter:data2\" content=\"Disponible\" \/>\n<script type=\"application\/ld+json\" class=\"yoast-schema-graph\">{\"@context\":\"https:\\\/\\\/schema.org\",\"@graph\":[{\"@type\":\"WebPage\",\"@id\":\"https:\\\/\\\/canbrapesca.com\\\/?product=crankbait-cb6-tiger\",\"url\":\"https:\\\/\\\/canbrapesca.com\\\/?product=crankbait-cb6-tiger\",\"name\":\"Crankbait Sexy Green - Canbra tienda de pesca\",\"isPartOf\":{\"@id\":\"https:\\\/\\\/canbrapesca.com\\\/#website\"},\"primaryImageOfPage\":{\"@id\":\"https:\\\/\\\/canbrapesca.com\\\/?product=crankbait-cb6-tiger#primaryimage\"},\"image\":{\"@id\":\"https:\\\/\\\/canbrapesca.com\\\/?product=crankbait-cb6-tiger#primaryimage\"},\"thumbnailUrl\":\"https:\\\/\\\/canbrapesca.com\\\/wp-content\\\/uploads\\\/2022\\\/09\\\/Canbra_Greeen_Lemon.jpg\",\"datePublished\":\"2022-09-27T03:30:14+00:00\",\"dateModified\":\"2023-01-18T16:24:21+00:00\",\"breadcrumb\":{\"@id\":\"https:\\\/\\\/canbrapesca.com\\\/?product=crankbait-cb6-tiger#breadcrumb\"},\"inLanguage\":\"es\",\"potentialAction\":[{\"@type\":\"ReadAction\",\"target\":[\"https:\\\/\\\/canbrapesca.com\\\/?product=crankbait-cb6-tiger\"]}]},{\"@type\":\"ImageObject\",\"inLanguage\":\"es\",\"@id\":\"https:\\\/\\\/canbrapesca.com\\\/?product=crankbait-cb6-tiger#primaryimage\",\"url\":\"https:\\\/\\\/canbrapesca.com\\\/wp-content\\\/uploads\\\/2022\\\/09\\\/Canbra_Greeen_Lemon.jpg\",\"contentUrl\":\"https:\\\/\\\/canbrapesca.com\\\/wp-content\\\/uploads\\\/2022\\\/09\\\/Canbra_Greeen_Lemon.jpg\",\"width\":1857,\"height\":1857},{\"@type\":\"BreadcrumbList\",\"@id\":\"https:\\\/\\\/canbrapesca.com\\\/?product=crankbait-cb6-tiger#breadcrumb\",\"itemListElement\":[{\"@type\":\"ListItem\",\"position\":1,\"name\":\"Portada\",\"item\":\"https:\\\/\\\/canbrapesca.com\\\/\"},{\"@type\":\"ListItem\",\"position\":2,\"name\":\"Shop\",\"item\":\"https:\\\/\\\/canbrapesca.com\\\/?page_id=8\"},{\"@type\":\"ListItem\",\"position\":3,\"name\":\"Crankbait Sexy Green\"}]},{\"@type\":\"WebSite\",\"@id\":\"https:\\\/\\\/canbrapesca.com\\\/#website\",\"url\":\"https:\\\/\\\/canbrapesca.com\\\/\",\"name\":\"Canbra Tienda de Pesca - Ca\u00f1as, Se\u00f1uelos y Equipos para Pesca Deportiva\",\"description\":\"Canbra Pesca - Equipos de pesca de alta calidad. Encuadorentra ca\u00f1as, carretes, se\u00f1uelos y m\u00e1s para la pesca deportiva. Env\u00edos a todo Ecuador.\",\"publisher\":{\"@id\":\"https:\\\/\\\/canbrapesca.com\\\/#organization\"},\"alternateName\":\"Todo en Art\u00edculos de Pesca - Equipos para Pescadores en Ecuador\",\"potentialAction\":[{\"@type\":\"SearchAction\",\"target\":{\"@type\":\"EntryPoint\",\"urlTemplate\":\"https:\\\/\\\/canbrapesca.com\\\/?s={search_term_string}\"},\"query-input\":{\"@type\":\"PropertyValueSpecification\",\"valueRequired\":true,\"valueName\":\"search_term_string\"}}],\"inLanguage\":\"es\"},{\"@type\":\"Organization\",\"@id\":\"https:\\\/\\\/canbrapesca.com\\\/#organization\",\"name\":\"Se\u00f1uelos canbra\",\"url\":\"https:\\\/\\\/canbrapesca.com\\\/\",\"logo\":{\"@type\":\"ImageObject\",\"inLanguage\":\"es\",\"@id\":\"https:\\\/\\\/canbrapesca.com\\\/#\\\/schema\\\/logo\\\/image\\\/\",\"url\":\"https:\\\/\\\/canbrapesca.com\\\/wp-content\\\/uploads\\\/2025\\\/02\\\/logo.png\",\"contentUrl\":\"https:\\\/\\\/canbrapesca.com\\\/wp-content\\\/uploads\\\/2025\\\/02\\\/logo.png\",\"width\":512,\"height\":201,\"caption\":\"Se\u00f1uelos canbra\"},\"image\":{\"@id\":\"https:\\\/\\\/canbrapesca.com\\\/#\\\/schema\\\/logo\\\/image\\\/\"}}]}<\/script>\n<meta property=\"product:price:amount\" content=\"7.99\" \/>\n<meta property=\"product:price:currency\" content=\"USD\" \/>\n<meta property=\"og:availability\" content=\"instock\" \/>\n<meta property=\"product:availability\" content=\"instock\" \/>\n<meta property=\"product:condition\" content=\"new\" \/>\n<!-- \/ Yoast SEO Premium plugin. -->","yoast_head_json":{"title":"Crankbait Sexy Green - Canbra tienda de pesca","robots":{"index":"index","follow":"follow","max-snippet":"max-snippet:-1","max-image-preview":"max-image-preview:large","max-video-preview":"max-video-preview:-1"},"canonical":"https:\/\/canbrapesca.com\/?product=crankbait-cb6-tiger","og_locale":"es_ES","og_type":"article","og_title":"Crankbait Sexy Green","og_description":"Canbra un producto testeado y probado en los r\u00edos de nuestro zona y especies como:  Sabaleta, sabalo, Bante, cubo, Lisa.","og_url":"https:\/\/canbrapesca.com\/?product=crankbait-cb6-tiger","og_site_name":"Canbra tienda de pesca","article_modified_time":"2023-01-18T16:24:21+00:00","og_image":[{"width":1857,"height":1857,"url":"https:\/\/canbrapesca.com\/wp-content\/uploads\/2022\/09\/Canbra_Greeen_Lemon.jpg","type":"image\/jpeg"}],"twitter_card":"summary_large_image","twitter_misc":{"Precio":"&#36;7.99","Disponibilidad":"Disponible"},"schema":{"@context":"https:\/\/schema.org","@graph":[{"@type":"WebPage","@id":"https:\/\/canbrapesca.com\/?product=crankbait-cb6-tiger","url":"https:\/\/canbrapesca.com\/?product=crankbait-cb6-tiger","name":"Crankbait Sexy Green - Canbra tienda de pesca","isPartOf":{"@id":"https:\/\/canbrapesca.com\/#website"},"primaryImageOfPage":{"@id":"https:\/\/canbrapesca.com\/?product=crankbait-cb6-tiger#primaryimage"},"image":{"@id":"https:\/\/canbrapesca.com\/?product=crankbait-cb6-tiger#primaryimage"},"thumbnailUrl":"https:\/\/canbrapesca.com\/wp-content\/uploads\/2022\/09\/Canbra_Greeen_Lemon.jpg","datePublished":"2022-09-27T03:30:14+00:00","dateModified":"2023-01-18T16:24:21+00:00","breadcrumb":{"@id":"https:\/\/canbrapesca.com\/?product=crankbait-cb6-tiger#breadcrumb"},"inLanguage":"es","potentialAction":[{"@type":"ReadAction","target":["https:\/\/canbrapesca.com\/?product=crankbait-cb6-tiger"]}]},{"@type":"ImageObject","inLanguage":"es","@id":"https:\/\/canbrapesca.com\/?product=crankbait-cb6-tiger#primaryimage","url":"https:\/\/canbrapesca.com\/wp-content\/uploads\/2022\/09\/Canbra_Greeen_Lemon.jpg","contentUrl":"https:\/\/canbrapesca.com\/wp-content\/uploads\/2022\/09\/Canbra_Greeen_Lemon.jpg","width":1857,"height":1857},{"@type":"BreadcrumbList","@id":"https:\/\/canbrapesca.com\/?product=crankbait-cb6-tiger#breadcrumb","itemListElement":[{"@type":"ListItem","position":1,"name":"Portada","item":"https:\/\/canbrapesca.com\/"},{"@type":"ListItem","position":2,"name":"Shop","item":"https:\/\/canbrapesca.com\/?page_id=8"},{"@type":"ListItem","position":3,"name":"Crankbait Sexy Green"}]},{"@type":"WebSite","@id":"https:\/\/canbrapesca.com\/#website","url":"https:\/\/canbrapesca.com\/","name":"Canbra Tienda de Pesca - Ca\u00f1as, Se\u00f1uelos y Equipos para Pesca Deportiva","description":"Canbra Pesca - Equipos de pesca de alta calidad. Encuadorentra ca\u00f1as, carretes, se\u00f1uelos y m\u00e1s para la pesca deportiva. Env\u00edos a todo Ecuador.","publisher":{"@id":"https:\/\/canbrapesca.com\/#organization"},"alternateName":"Todo en Art\u00edculos de Pesca - Equipos para Pescadores en Ecuador","potentialAction":[{"@type":"SearchAction","target":{"@type":"EntryPoint","urlTemplate":"https:\/\/canbrapesca.com\/?s={search_term_string}"},"query-input":{"@type":"PropertyValueSpecification","valueRequired":true,"valueName":"search_term_string"}}],"inLanguage":"es"},{"@type":"Organization","@id":"https:\/\/canbrapesca.com\/#organization","name":"Se\u00f1uelos canbra","url":"https:\/\/canbrapesca.com\/","logo":{"@type":"ImageObject","inLanguage":"es","@id":"https:\/\/canbrapesca.com\/#\/schema\/logo\/image\/","url":"https:\/\/canbrapesca.com\/wp-content\/uploads\/2025\/02\/logo.png","contentUrl":"https:\/\/canbrapesca.com\/wp-content\/uploads\/2025\/02\/logo.png","width":512,"height":201,"caption":"Se\u00f1uelos canbra"},"image":{"@id":"https:\/\/canbrapesca.com\/#\/schema\/logo\/image\/"}}]},"product_price_amount":"7.99","product_price_currency":"USD","og_availability":"instock","product_availability":"instock","product_condition":"new"},"_links":{"self":[{"href":"https:\/\/canbrapesca.com\/index.php?rest_route=\/wp\/v2\/product\/306","targetHints":{"allow":["GET"]}}],"collection":[{"href":"https:\/\/canbrapesca.com\/index.php?rest_route=\/wp\/v2\/product"}],"about":[{"href":"https:\/\/canbrapesca.com\/index.php?rest_route=\/wp\/v2\/types\/product"}],"wp:featuredmedia":[{"embeddable":true,"href":"https:\/\/canbrapesca.com\/index.php?rest_route=\/wp\/v2\/media\/528"}],"wp:attachment":[{"href":"https:\/\/canbrapesca.com\/index.php?rest_route=%2Fwp%2Fv2%2Fmedia&parent=306"}],"wp:term":[{"taxonomy":"product_brand","embeddable":true,"href":"https:\/\/canbrapesca.com\/index.php?rest_route=%2Fwp%2Fv2%2Fproduct_brand&post=306"},{"taxonomy":"product_cat","embeddable":true,"href":"https:\/\/canbrapesca.com\/index.php?rest_route=%2Fwp%2Fv2%2Fproduct_cat&post=306"},{"taxonomy":"product_tag","embeddable":true,"href":"https:\/\/canbrapesca.com\/index.php?rest_route=%2Fwp%2Fv2%2Fproduct_tag&post=306"}],"curies":[{"name":"wp","href":"https:\/\/api.w.org\/{rel}","templated":true}]}}